{"id":2887,"date":"2021-06-10T00:00:57","date_gmt":"2021-06-10T03:00:57","guid":{"rendered":"https:\/\/www.studiobaleia.com\/lauraw\/?page_id=2887"},"modified":"2022-08-30T15:55:21","modified_gmt":"2022-08-30T18:55:21","slug":"laura-widal","status":"publish","type":"page","link":"https:\/\/www.studiobaleia.com\/lauraw\/laura-widal\/","title":{"rendered":"Laura Widal"},"content":{"rendered":"\t\t<div data-elementor-type=\"wp-page\" data-elementor-id=\"2887\" class=\"elementor elementor-2887\">\n\t\t\t\t\t\t<section class=\"elementor-section elementor-top-section elementor-element elementor-element-8742911 elementor-section-boxed elementor-section-height-default elementor-section-height-default sc_fly_static\" data-id=\"8742911\" data-element_type=\"section\">\n\t\t\t\t\t\t<div class=\"elementor-container elementor-column-gap-extended\">\n\t\t\t\t\t<div class=\"elementor-column elementor-col-100 elementor-top-column elementor-element elementor-element-5bc1ecb sc_inner_width_none sc_content_align_inherit sc_layouts_column_icons_position_left sc_fly_static\" data-id=\"5bc1ecb\" data-element_type=\"column\">\n\t\t\t<div class=\"elementor-widget-wrap elementor-element-populated\">\n\t\t\t\t\t\t<div class=\"elementor-element elementor-element-d7a73ce sc_fly_static elementor-widget elementor-widget-image\" data-id=\"d7a73ce\" data-element_type=\"widget\" data-widget_type=\"image.default\">\n\t\t\t\t<div class=\"elementor-widget-container\">\n\t\t\t\t\t\t\t\t\t\t\t\t\t<img fetchpriority=\"high\" decoding=\"async\" width=\"1080\" height=\"720\" src=\"https:\/\/www.studiobaleia.com\/lauraw\/wp-content\/uploads\/2022\/07\/laurawidal_about_header.jpg\" class=\"lazyload_inited attachment-large size-large wp-image-16527\" alt=\"\" srcset=\"https:\/\/www.studiobaleia.com\/lauraw\/wp-content\/uploads\/2022\/07\/laurawidal_about_header.jpg 1080w, https:\/\/www.studiobaleia.com\/lauraw\/wp-content\/uploads\/2022\/07\/laurawidal_about_header-300x200.jpg 300w, https:\/\/www.studiobaleia.com\/lauraw\/wp-content\/uploads\/2022\/07\/laurawidal_about_header-768x512.jpg 768w, https:\/\/www.studiobaleia.com\/lauraw\/wp-content\/uploads\/2022\/07\/laurawidal_about_header-370x247.jpg 370w, https:\/\/www.studiobaleia.com\/lauraw\/wp-content\/uploads\/2022\/07\/laurawidal_about_header-865x577.jpg 865w, https:\/\/www.studiobaleia.com\/lauraw\/wp-content\/uploads\/2022\/07\/laurawidal_about_header-642x428.jpg 642w\" sizes=\"(max-width: 1080px) 100vw, 1080px\" \/>\t\t\t\t\t\t\t\t\t\t\t\t\t<\/div>\n\t\t\t\t<\/div>\n\t\t\t\t<div class=\"elementor-element elementor-element-ec11c38 sc_fly_static elementor-widget elementor-widget-text-editor\" data-id=\"ec11c38\" data-element_type=\"widget\" data-widget_type=\"text-editor.default\">\n\t\t\t\t<div class=\"elementor-widget-container\">\n\t\t\t\t\t\t\t<h3 style=\"margin-top: 1.3em;\"><strong style=\"color: var(--theme-color-text_dark); font-family: 'Roboto Slab'; font-size: 32px; font-style: normal; letter-spacing: -0.03em; background-color: var(--theme-color-bg_color);\">Laura Widal<\/strong><\/h3><p><span style=\"color: #9e9e9e;\">Laura \u00e9 m\u00e3e do Pedro, papel que ama e concilia com seu trabalho! Profissional com carreira consolidada em Gest\u00e3o Estrat\u00e9gica de Pessoas como Executiva e Consultora. Trabalhou no RH das empresas Ra\u00edzen, Cosan, TAM, EDP e ADM. Na consultoria atua como consultora s\u00eanior em desenvolvimento de lideran\u00e7as, coaching executivo, assessment, transforma\u00e7\u00e3o cultural e inova\u00e7\u00e3o para RH.\u00a0<\/span><\/p><p><span style=\"color: #9e9e9e;\">Graduada em Administra\u00e7\u00e3o de Empresas e p\u00f3s-graduada em Estrat\u00e9gia pela FIA. P\u00f3s-MBA em Forma\u00e7\u00e3o de Conselheiras de Administra\u00e7\u00e3o pela Saint Paul Escola de Neg\u00f3cios e Columbia University. Coach com certifica\u00e7\u00e3o internacional pelo ICI. Certifica\u00e7\u00e3o em Intelig\u00eancia Emocional e Scrum Master. Realizou uma imers\u00e3o no Vale do Sil\u00edcio para vivenciar a Cultura de Inova\u00e7\u00e3o.<\/span><\/p><p><span style=\"color: #9e9e9e;\">Curiosa e estudante de futurismo.<\/span><\/p>\t\t\t\t\t\t<\/div>\n\t\t\t\t<\/div>\n\t\t\t\t\t<\/div>\n\t\t<\/div>\n\t\t\t\t\t<\/div>\n\t\t<\/section>\n\t\t\t\t<\/div>\n\t\t","protected":false},"excerpt":{"rendered":"<p>Laura Widal Laura \u00e9 m\u00e3e do Pedro, papel que ama e concilia com seu trabalho! Profissional com carreira consolidada em Gest\u00e3o Estrat\u00e9gica de Pessoas como Executiva e Consultora. Trabalhou no RH das empresas Ra\u00edzen, Cosan, TAM, EDP e ADM. Na consultoria atua como consultora s\u00eanior em desenvolvimento de lideran\u00e7as, coaching executivo, assessment, transforma\u00e7\u00e3o cultural e inova\u00e7\u00e3o para RH.&nbsp; Graduada em&hellip;<\/p>\n","protected":false},"author":30,"featured_media":0,"parent":0,"menu_order":0,"comment_status":"closed","ping_status":"closed","template":"","meta":{"_monsterinsights_skip_tracking":false,"_monsterinsights_sitenote_active":false,"_monsterinsights_sitenote_note":"","_monsterinsights_sitenote_category":0,"footnotes":""},"class_list":["post-2887","page","type-page","status-publish","hentry"],"aioseo_notices":[],"_links":{"self":[{"href":"https:\/\/www.studiobaleia.com\/lauraw\/wp-json\/wp\/v2\/pages\/2887","targetHints":{"allow":["GET"]}}],"collection":[{"href":"https:\/\/www.studiobaleia.com\/lauraw\/wp-json\/wp\/v2\/pages"}],"about":[{"href":"https:\/\/www.studiobaleia.com\/lauraw\/wp-json\/wp\/v2\/types\/page"}],"author":[{"embeddable":true,"href":"https:\/\/www.studiobaleia.com\/lauraw\/wp-json\/wp\/v2\/users\/30"}],"replies":[{"embeddable":true,"href":"https:\/\/www.studiobaleia.com\/lauraw\/wp-json\/wp\/v2\/comments?post=2887"}],"version-history":[{"count":2,"href":"https:\/\/www.studiobaleia.com\/lauraw\/wp-json\/wp\/v2\/pages\/2887\/revisions"}],"predecessor-version":[{"id":17552,"href":"https:\/\/www.studiobaleia.com\/lauraw\/wp-json\/wp\/v2\/pages\/2887\/revisions\/17552"}],"wp:attachment":[{"href":"https:\/\/www.studiobaleia.com\/lauraw\/wp-json\/wp\/v2\/media?parent=2887"}],"curies":[{"name":"wp","href":"https:\/\/api.w.org\/{rel}","templated":true}]}}