{"id":3927,"date":"2023-03-18T15:49:00","date_gmt":"2023-03-18T18:49:00","guid":{"rendered":"https:\/\/www.studiobaleia.com\/?page_id=3927"},"modified":"2026-01-09T21:31:32","modified_gmt":"2026-01-10T00:31:32","slug":"studio-baleia","status":"publish","type":"page","link":"https:\/\/www.studiobaleia.com\/en\/","title":{"rendered":"Studio Baleia"},"content":{"rendered":"<div data-elementor-type=\"wp-page\" data-elementor-id=\"3927\" class=\"elementor elementor-3927\" data-elementor-post-type=\"page\">\n\t\t\t\t<div class=\"elementor-element elementor-element-b6ec19e e-flex e-con-boxed e-con e-parent\" data-id=\"b6ec19e\" data-element_type=\"container\" data-e-type=\"container\" data-settings=\"{&quot;background_background&quot;:&quot;classic&quot;}\">\n\t\t\t\t\t<div class=\"e-con-inner\">\n\t\t\t\t<div class=\"elementor-element elementor-element-1db0cff elementor-widget elementor-widget-heading\" data-id=\"1db0cff\" data-element_type=\"widget\" data-e-type=\"widget\" data-widget_type=\"heading.default\">\n\t\t\t\t<div class=\"elementor-widget-container\">\n\t\t\t\t\t<h1 class=\"elementor-heading-title elementor-size-default\">\u27ba We create design projects with strategy and collaboration. <\/h1>\t\t\t\t<\/div>\n\t\t\t\t<\/div>\n\t\t\t\t<div class=\"elementor-element elementor-element-401bd5b elementor-align-left elementor-mobile-align-left elementor-widget elementor-widget-button\" data-id=\"401bd5b\" data-element_type=\"widget\" data-e-type=\"widget\" data-widget_type=\"button.default\">\n\t\t\t\t<div class=\"elementor-widget-container\">\n\t\t\t\t\t\t\t\t\t<div class=\"elementor-button-wrapper\">\n\t\t\t\t\t<a class=\"elementor-button elementor-button-link elementor-size-sm\" href=\"https:\/\/www.studiobaleia.com\/en\/trabalhos\/\">\n\t\t\t\t\t\t<span class=\"elementor-button-content-wrapper\">\n\t\t\t\t\t\t\t\t\t<span class=\"elementor-button-text\">EXPLORE OUR PROJECTS<\/span>\n\t\t\t\t\t<\/span>\n\t\t\t\t\t<\/a>\n\t\t\t\t<\/div>\n\t\t\t\t\t\t\t\t<\/div>\n\t\t\t\t<\/div>\n\t\t\t\t\t<\/div>\n\t\t\t\t<\/div>\n\t\t<div class=\"elementor-element elementor-element-6ff9134 e-flex e-con-boxed e-con e-parent\" data-id=\"6ff9134\" data-element_type=\"container\" data-e-type=\"container\" data-settings=\"{&quot;background_background&quot;:&quot;classic&quot;}\">\n\t\t\t\t\t<div class=\"e-con-inner\">\n\t\t<div class=\"elementor-element elementor-element-17f18f3 e-con-full e-flex e-con e-child\" data-id=\"17f18f3\" data-element_type=\"container\" data-e-type=\"container\">\n\t\t\t\t<div class=\"elementor-element elementor-element-3a557da elementor-widget elementor-widget-image\" data-id=\"3a557da\" data-element_type=\"widget\" data-e-type=\"widget\" data-settings=\"{&quot;motion_fx_motion_fx_mouse&quot;:&quot;yes&quot;,&quot;motion_fx_tilt_effect&quot;:&quot;yes&quot;,&quot;motion_fx_tilt_speed&quot;:{&quot;unit&quot;:&quot;px&quot;,&quot;size&quot;:2,&quot;sizes&quot;:[]}}\" data-widget_type=\"image.default\">\n\t\t\t\t<div class=\"elementor-widget-container\">\n\t\t\t\t\t\t\t\t\t\t\t\t\t\t\t<img fetchpriority=\"high\" decoding=\"async\" width=\"720\" height=\"405\" src=\"https:\/\/www.studiobaleia.com\/wp-content\/uploads\/2023\/04\/Studio-Baleia.gif\" class=\"attachment-2048x2048 size-2048x2048 wp-image-4621\" alt=\"Trabalhos Studio Baleia\" \/>\t\t\t\t\t\t\t\t\t\t\t\t\t\t\t<\/div>\n\t\t\t\t<\/div>\n\t\t\t\t<\/div>\n\t\t\t\t\t<\/div>\n\t\t\t\t<\/div>\n\t\t<div class=\"elementor-element elementor-element-f3cc99a e-flex e-con-boxed e-con e-parent\" data-id=\"f3cc99a\" data-element_type=\"container\" data-e-type=\"container\" data-settings=\"{&quot;background_background&quot;:&quot;classic&quot;}\">\n\t\t\t\t\t<div class=\"e-con-inner\">\n\t\t\t\t<div class=\"elementor-element elementor-element-eca875f elementor-widget elementor-widget-heading\" data-id=\"eca875f\" data-element_type=\"widget\" data-e-type=\"widget\" data-widget_type=\"heading.default\">\n\t\t\t\t<div class=\"elementor-widget-container\">\n\t\t\t\t\t<h2 class=\"elementor-heading-title elementor-size-default\">Desenvolvemos projetos visuais com foco em resultados duradouros.<\/h2>\t\t\t\t<\/div>\n\t\t\t\t<\/div>\n\t\t\t\t<div class=\"elementor-element elementor-element-41172b3 elementor-widget elementor-widget-button\" data-id=\"41172b3\" data-element_type=\"widget\" data-e-type=\"widget\" data-widget_type=\"button.default\">\n\t\t\t\t<div class=\"elementor-widget-container\">\n\t\t\t\t\t\t\t\t\t<div class=\"elementor-button-wrapper\">\n\t\t\t\t\t<a class=\"elementor-button elementor-button-link elementor-size-sm\" href=\"https:\/\/www.studiobaleia.com\/en\/contato\/\">\n\t\t\t\t\t\t<span class=\"elementor-button-content-wrapper\">\n\t\t\t\t\t\t\t\t\t<span class=\"elementor-button-text\">GET IN TOUCH<\/span>\n\t\t\t\t\t<\/span>\n\t\t\t\t\t<\/a>\n\t\t\t\t<\/div>\n\t\t\t\t\t\t\t\t<\/div>\n\t\t\t\t<\/div>\n\t\t\t\t\t<\/div>\n\t\t\t\t<\/div>\n\t\t<div class=\"elementor-element elementor-element-08fe678 e-flex e-con-boxed e-con e-parent\" data-id=\"08fe678\" data-element_type=\"container\" data-e-type=\"container\" data-settings=\"{&quot;background_background&quot;:&quot;classic&quot;}\">\n\t\t\t\t\t<div class=\"e-con-inner\">\n\t\t\t\t<div class=\"elementor-element elementor-element-3932830 elementor-widget elementor-widget-menu-anchor\" data-id=\"3932830\" data-element_type=\"widget\" data-e-type=\"widget\" data-widget_type=\"menu-anchor.default\">\n\t\t\t\t<div class=\"elementor-widget-container\">\n\t\t\t\t\t\t\t<div class=\"elementor-menu-anchor\" id=\"trabalhos\"><\/div>\n\t\t\t\t\t\t<\/div>\n\t\t\t\t<\/div>\n\t\t\t\t<div class=\"elementor-element elementor-element-e065f69 elementor-widget elementor-widget-heading\" data-id=\"e065f69\" data-element_type=\"widget\" data-e-type=\"widget\" data-widget_type=\"heading.default\">\n\t\t\t\t<div class=\"elementor-widget-container\">\n\t\t\t\t\t<h2 class=\"elementor-heading-title elementor-size-default\">Featured Works<\/h2>\t\t\t\t<\/div>\n\t\t\t\t<\/div>\n\t\t\t\t\t<\/div>\n\t\t\t\t<\/div>\n\t\t<div class=\"elementor-element elementor-element-a1c0d08 e-flex e-con-boxed e-con e-parent\" data-id=\"a1c0d08\" data-element_type=\"container\" data-e-type=\"container\" data-settings=\"{&quot;background_background&quot;:&quot;classic&quot;,&quot;motion_fx_motion_fx_mouse&quot;:&quot;yes&quot;,&quot;motion_fx_tilt_effect&quot;:&quot;yes&quot;,&quot;motion_fx_tilt_speed&quot;:{&quot;unit&quot;:&quot;px&quot;,&quot;size&quot;:4,&quot;sizes&quot;:[]}}\">\n\t\t\t\t\t<div class=\"e-con-inner\">\n\t\t<div class=\"elementor-element elementor-element-7f5ca63 e-con-full e-flex e-con e-child\" data-id=\"7f5ca63\" data-element_type=\"container\" data-e-type=\"container\">\n\t\t\t\t<div class=\"elementor-element elementor-element-8341a97 elementor-widget elementor-widget-image\" data-id=\"8341a97\" data-element_type=\"widget\" data-e-type=\"widget\" data-widget_type=\"image.default\">\n\t\t\t\t<div class=\"elementor-widget-container\">\n\t\t\t\t\t\t\t\t\t\t\t\t\t\t\t\t<a href=\"https:\/\/www.studiobaleia.com\/en\/kof\/\">\n\t\t\t\t\t\t\t<img decoding=\"async\" width=\"800\" height=\"424\" src=\"https:\/\/www.studiobaleia.com\/wp-content\/uploads\/2023\/03\/thumb-kof-a-1400x742.jpg\" class=\"attachment-large size-large wp-image-4373\" alt=\"\" srcset=\"https:\/\/www.studiobaleia.com\/wp-content\/uploads\/2023\/03\/thumb-kof-a-1400x742.jpg 1400w, https:\/\/www.studiobaleia.com\/wp-content\/uploads\/2023\/03\/thumb-kof-a-755x400.jpg 755w, https:\/\/www.studiobaleia.com\/wp-content\/uploads\/2023\/03\/thumb-kof-a-768x407.jpg 768w, https:\/\/www.studiobaleia.com\/wp-content\/uploads\/2023\/03\/thumb-kof-a.jpg 1500w\" sizes=\"(max-width: 800px) 100vw, 800px\" \/>\t\t\t\t\t\t\t\t<\/a>\n\t\t\t\t\t\t\t\t\t\t\t\t\t\t\t<\/div>\n\t\t\t\t<\/div>\n\t\t\t\t<div class=\"elementor-element elementor-element-5447b59 elementor-widget elementor-widget-text-editor\" data-id=\"5447b59\" data-element_type=\"widget\" data-e-type=\"widget\" data-widget_type=\"text-editor.default\">\n\t\t\t\t<div class=\"elementor-widget-container\">\n\t\t\t\t\t\t\t\t\t<p>KOF<\/p>\t\t\t\t\t\t\t\t<\/div>\n\t\t\t\t<\/div>\n\t\t\t\t<\/div>\n\t\t<div class=\"elementor-element elementor-element-9fae49b e-con-full e-flex e-con e-child\" data-id=\"9fae49b\" data-element_type=\"container\" data-e-type=\"container\">\n\t\t\t\t<div class=\"elementor-element elementor-element-e2e1bbe elementor-widget elementor-widget-image\" data-id=\"e2e1bbe\" data-element_type=\"widget\" data-e-type=\"widget\" data-widget_type=\"image.default\">\n\t\t\t\t<div class=\"elementor-widget-container\">\n\t\t\t\t\t\t\t\t\t\t\t\t\t\t\t\t<a href=\"https:\/\/www.studiobaleia.com\/en\/stephan-doitschinoff\/\">\n\t\t\t\t\t\t\t<img decoding=\"async\" width=\"800\" height=\"424\" src=\"https:\/\/www.studiobaleia.com\/wp-content\/uploads\/2023\/03\/thumb-stephan-1400x742.jpg\" class=\"attachment-large size-large wp-image-4408\" alt=\"\" srcset=\"https:\/\/www.studiobaleia.com\/wp-content\/uploads\/2023\/03\/thumb-stephan-1400x742.jpg 1400w, https:\/\/www.studiobaleia.com\/wp-content\/uploads\/2023\/03\/thumb-stephan-755x400.jpg 755w, https:\/\/www.studiobaleia.com\/wp-content\/uploads\/2023\/03\/thumb-stephan-768x407.jpg 768w, https:\/\/www.studiobaleia.com\/wp-content\/uploads\/2023\/03\/thumb-stephan.jpg 1500w\" sizes=\"(max-width: 800px) 100vw, 800px\" \/>\t\t\t\t\t\t\t\t<\/a>\n\t\t\t\t\t\t\t\t\t\t\t\t\t\t\t<\/div>\n\t\t\t\t<\/div>\n\t\t\t\t<div class=\"elementor-element elementor-element-0780c98 elementor-widget elementor-widget-text-editor\" data-id=\"0780c98\" data-element_type=\"widget\" data-e-type=\"widget\" data-widget_type=\"text-editor.default\">\n\t\t\t\t<div class=\"elementor-widget-container\">\n\t\t\t\t\t\t\t\t\t<p>STEPHAN DOITSCHINOFF\u00a0<\/p>\t\t\t\t\t\t\t\t<\/div>\n\t\t\t\t<\/div>\n\t\t\t\t<\/div>\n\t\t<div class=\"elementor-element elementor-element-955786f e-con-full e-flex e-con e-child\" data-id=\"955786f\" data-element_type=\"container\" data-e-type=\"container\">\n\t\t\t\t<div class=\"elementor-element elementor-element-3585635 elementor-widget elementor-widget-image\" data-id=\"3585635\" data-element_type=\"widget\" data-e-type=\"widget\" data-widget_type=\"image.default\">\n\t\t\t\t<div class=\"elementor-widget-container\">\n\t\t\t\t\t\t\t\t\t\t\t\t\t\t\t\t<a href=\"https:\/\/www.studiobaleia.com\/en\/confeitaria-dama\/\">\n\t\t\t\t\t\t\t<img loading=\"lazy\" decoding=\"async\" width=\"800\" height=\"438\" src=\"https:\/\/www.studiobaleia.com\/wp-content\/uploads\/2023\/07\/dama-001-1400x766.jpg\" class=\"attachment-large size-large wp-image-4737\" alt=\"site institucional confeitaria dama\" srcset=\"https:\/\/www.studiobaleia.com\/wp-content\/uploads\/2023\/07\/dama-001-1400x766.jpg 1400w, https:\/\/www.studiobaleia.com\/wp-content\/uploads\/2023\/07\/dama-001-731x400.jpg 731w, https:\/\/www.studiobaleia.com\/wp-content\/uploads\/2023\/07\/dama-001-768x420.jpg 768w, https:\/\/www.studiobaleia.com\/wp-content\/uploads\/2023\/07\/dama-001-1536x840.jpg 1536w, https:\/\/www.studiobaleia.com\/wp-content\/uploads\/2023\/07\/dama-001-2048x1120.jpg 2048w\" sizes=\"(max-width: 800px) 100vw, 800px\" \/>\t\t\t\t\t\t\t\t<\/a>\n\t\t\t\t\t\t\t\t\t\t\t\t\t\t\t<\/div>\n\t\t\t\t<\/div>\n\t\t\t\t<div class=\"elementor-element elementor-element-2ad9eef elementor-widget elementor-widget-text-editor\" data-id=\"2ad9eef\" data-element_type=\"widget\" data-e-type=\"widget\" data-widget_type=\"text-editor.default\">\n\t\t\t\t<div class=\"elementor-widget-container\">\n\t\t\t\t\t\t\t\t\t<p>CONFEITARIA DAMA<\/p>\t\t\t\t\t\t\t\t<\/div>\n\t\t\t\t<\/div>\n\t\t\t\t<\/div>\n\t\t\t\t\t<\/div>\n\t\t\t\t<\/div>\n\t\t<div class=\"elementor-element elementor-element-9a14482 e-flex e-con-boxed e-con e-parent\" data-id=\"9a14482\" data-element_type=\"container\" data-e-type=\"container\" data-settings=\"{&quot;background_background&quot;:&quot;classic&quot;,&quot;motion_fx_motion_fx_mouse&quot;:&quot;yes&quot;,&quot;motion_fx_tilt_effect&quot;:&quot;yes&quot;,&quot;motion_fx_tilt_direction&quot;:&quot;negative&quot;,&quot;motion_fx_tilt_speed&quot;:{&quot;unit&quot;:&quot;px&quot;,&quot;size&quot;:4.8,&quot;sizes&quot;:[]}}\">\n\t\t\t\t\t<div class=\"e-con-inner\">\n\t\t<div class=\"elementor-element elementor-element-89bdb19 e-con-full e-flex e-con e-child\" data-id=\"89bdb19\" data-element_type=\"container\" data-e-type=\"container\">\n\t\t\t\t<div class=\"elementor-element elementor-element-04a396d elementor-widget elementor-widget-image\" data-id=\"04a396d\" data-element_type=\"widget\" data-e-type=\"widget\" data-widget_type=\"image.default\">\n\t\t\t\t<div class=\"elementor-widget-container\">\n\t\t\t\t\t\t\t\t\t\t\t\t\t\t\t\t<a href=\"https:\/\/www.studiobaleia.com\/en\/tons-da-vida-suvinil\/\">\n\t\t\t\t\t\t\t<img loading=\"lazy\" decoding=\"async\" width=\"800\" height=\"424\" src=\"https:\/\/www.studiobaleia.com\/wp-content\/uploads\/2023\/03\/Thumb-suvinil-a-1400x742.jpg\" class=\"attachment-large size-large wp-image-4437\" alt=\"\" srcset=\"https:\/\/www.studiobaleia.com\/wp-content\/uploads\/2023\/03\/Thumb-suvinil-a-1400x742.jpg 1400w, https:\/\/www.studiobaleia.com\/wp-content\/uploads\/2023\/03\/Thumb-suvinil-a-755x400.jpg 755w, https:\/\/www.studiobaleia.com\/wp-content\/uploads\/2023\/03\/Thumb-suvinil-a-768x407.jpg 768w, https:\/\/www.studiobaleia.com\/wp-content\/uploads\/2023\/03\/Thumb-suvinil-a.jpg 1500w\" sizes=\"(max-width: 800px) 100vw, 800px\" \/>\t\t\t\t\t\t\t\t<\/a>\n\t\t\t\t\t\t\t\t\t\t\t\t\t\t\t<\/div>\n\t\t\t\t<\/div>\n\t\t\t\t<div class=\"elementor-element elementor-element-ca55794 elementor-widget elementor-widget-text-editor\" data-id=\"ca55794\" data-element_type=\"widget\" data-e-type=\"widget\" data-widget_type=\"text-editor.default\">\n\t\t\t\t<div class=\"elementor-widget-container\">\n\t\t\t\t\t\t\t\t\t<p>SUVINIL<\/p>\t\t\t\t\t\t\t\t<\/div>\n\t\t\t\t<\/div>\n\t\t\t\t<\/div>\n\t\t<div class=\"elementor-element elementor-element-f71fa01 e-con-full e-flex e-con e-child\" data-id=\"f71fa01\" data-element_type=\"container\" data-e-type=\"container\">\n\t\t\t\t<div class=\"elementor-element elementor-element-d0102d2 elementor-widget elementor-widget-image\" data-id=\"d0102d2\" data-element_type=\"widget\" data-e-type=\"widget\" data-widget_type=\"image.default\">\n\t\t\t\t<div class=\"elementor-widget-container\">\n\t\t\t\t\t\t\t\t\t\t\t\t\t\t\t\t<a href=\"https:\/\/www.studiobaleia.com\/en\/fazenda-margarida\/\">\n\t\t\t\t\t\t\t<img loading=\"lazy\" decoding=\"async\" width=\"800\" height=\"424\" src=\"https:\/\/www.studiobaleia.com\/wp-content\/uploads\/2023\/03\/thumb-faz-margarida-1400x742.jpg\" class=\"attachment-large size-large wp-image-4381\" alt=\"\" srcset=\"https:\/\/www.studiobaleia.com\/wp-content\/uploads\/2023\/03\/thumb-faz-margarida-1400x742.jpg 1400w, https:\/\/www.studiobaleia.com\/wp-content\/uploads\/2023\/03\/thumb-faz-margarida-755x400.jpg 755w, https:\/\/www.studiobaleia.com\/wp-content\/uploads\/2023\/03\/thumb-faz-margarida-768x407.jpg 768w, https:\/\/www.studiobaleia.com\/wp-content\/uploads\/2023\/03\/thumb-faz-margarida.jpg 1500w\" sizes=\"(max-width: 800px) 100vw, 800px\" \/>\t\t\t\t\t\t\t\t<\/a>\n\t\t\t\t\t\t\t\t\t\t\t\t\t\t\t<\/div>\n\t\t\t\t<\/div>\n\t\t\t\t<div class=\"elementor-element elementor-element-d8b0ace elementor-widget elementor-widget-text-editor\" data-id=\"d8b0ace\" data-element_type=\"widget\" data-e-type=\"widget\" data-widget_type=\"text-editor.default\">\n\t\t\t\t<div class=\"elementor-widget-container\">\n\t\t\t\t\t\t\t\t\t<p>FAZENDA MARGARIDA<\/p>\t\t\t\t\t\t\t\t<\/div>\n\t\t\t\t<\/div>\n\t\t\t\t<\/div>\n\t\t<div class=\"elementor-element elementor-element-7c1f2a5 e-con-full e-flex e-con e-child\" data-id=\"7c1f2a5\" data-element_type=\"container\" data-e-type=\"container\">\n\t\t\t\t<div class=\"elementor-element elementor-element-4387347 elementor-widget elementor-widget-image\" data-id=\"4387347\" data-element_type=\"widget\" data-e-type=\"widget\" data-widget_type=\"image.default\">\n\t\t\t\t<div class=\"elementor-widget-container\">\n\t\t\t\t\t\t\t\t\t\t\t\t\t\t\t\t<a href=\"https:\/\/www.studiobaleia.com\/en\/gaudio\/\">\n\t\t\t\t\t\t\t<img loading=\"lazy\" decoding=\"async\" width=\"800\" height=\"424\" src=\"https:\/\/www.studiobaleia.com\/wp-content\/uploads\/2023\/03\/thumb-gaudio-1-1400x742.jpg\" class=\"attachment-large size-large wp-image-4454\" alt=\"\" srcset=\"https:\/\/www.studiobaleia.com\/wp-content\/uploads\/2023\/03\/thumb-gaudio-1-1400x742.jpg 1400w, https:\/\/www.studiobaleia.com\/wp-content\/uploads\/2023\/03\/thumb-gaudio-1-755x400.jpg 755w, https:\/\/www.studiobaleia.com\/wp-content\/uploads\/2023\/03\/thumb-gaudio-1-768x407.jpg 768w, https:\/\/www.studiobaleia.com\/wp-content\/uploads\/2023\/03\/thumb-gaudio-1.jpg 1500w\" sizes=\"(max-width: 800px) 100vw, 800px\" \/>\t\t\t\t\t\t\t\t<\/a>\n\t\t\t\t\t\t\t\t\t\t\t\t\t\t\t<\/div>\n\t\t\t\t<\/div>\n\t\t\t\t<div class=\"elementor-element elementor-element-f1c7f92 elementor-widget elementor-widget-text-editor\" data-id=\"f1c7f92\" data-element_type=\"widget\" data-e-type=\"widget\" data-widget_type=\"text-editor.default\">\n\t\t\t\t<div class=\"elementor-widget-container\">\n\t\t\t\t\t\t\t\t\t<p>G\u00c1UDIO<\/p>\t\t\t\t\t\t\t\t<\/div>\n\t\t\t\t<\/div>\n\t\t\t\t<\/div>\n\t\t\t\t\t<\/div>\n\t\t\t\t<\/div>\n\t\t<div class=\"elementor-element elementor-element-7e18e4e e-flex e-con-boxed e-con e-parent\" data-id=\"7e18e4e\" data-element_type=\"container\" data-e-type=\"container\" data-settings=\"{&quot;background_background&quot;:&quot;classic&quot;}\">\n\t\t\t\t\t<div class=\"e-con-inner\">\n\t\t\t\t<div class=\"elementor-element elementor-element-33dad9f elementor-widget elementor-widget-heading\" data-id=\"33dad9f\" data-element_type=\"widget\" data-e-type=\"widget\" data-widget_type=\"heading.default\">\n\t\t\t\t<div class=\"elementor-widget-container\">\n\t\t\t\t\t<h2 class=\"elementor-heading-title elementor-size-default\"><a href=\"https:\/\/www.studiobaleia.com\/en\/trabalhos\/\">SEE MORE<\/a><\/h2>\t\t\t\t<\/div>\n\t\t\t\t<\/div>\n\t\t\t\t\t<\/div>\n\t\t\t\t<\/div>\n\t\t<div class=\"elementor-element elementor-element-06bb215 e-con-full e-flex e-con e-parent\" data-id=\"06bb215\" data-element_type=\"container\" data-e-type=\"container\" data-settings=\"{&quot;background_background&quot;:&quot;classic&quot;}\">\n\t\t\t\t<div class=\"elementor-element elementor-element-efa0bb1 elementor-widget elementor-widget-menu-anchor\" data-id=\"efa0bb1\" data-element_type=\"widget\" data-e-type=\"widget\" data-widget_type=\"menu-anchor.default\">\n\t\t\t\t<div class=\"elementor-widget-container\">\n\t\t\t\t\t\t\t<div class=\"elementor-menu-anchor\" id=\"servicos\"><\/div>\n\t\t\t\t\t\t<\/div>\n\t\t\t\t<\/div>\n\t\t\t\t<div class=\"elementor-element elementor-element-1592d1d elementor-widget elementor-widget-heading\" data-id=\"1592d1d\" data-element_type=\"widget\" data-e-type=\"widget\" data-widget_type=\"heading.default\">\n\t\t\t\t<div class=\"elementor-widget-container\">\n\t\t\t\t\t<h2 class=\"elementor-heading-title elementor-size-default\">Services<\/h2>\t\t\t\t<\/div>\n\t\t\t\t<\/div>\n\t\t\t\t<\/div>\n\t\t<div class=\"elementor-element elementor-element-62ff296 e-flex e-con-boxed e-con e-parent\" data-id=\"62ff296\" data-element_type=\"container\" data-e-type=\"container\" data-settings=\"{&quot;background_background&quot;:&quot;classic&quot;}\">\n\t\t\t\t\t<div class=\"e-con-inner\">\n\t\t<div class=\"elementor-element elementor-element-d7c3379 e-con-full e-flex e-con e-child\" data-id=\"d7c3379\" data-element_type=\"container\" data-e-type=\"container\">\n\t\t\t\t<div class=\"elementor-element elementor-element-57ee56d elementor-invisible elementor-widget elementor-widget-heading\" data-id=\"57ee56d\" data-element_type=\"widget\" data-e-type=\"widget\" data-settings=\"{&quot;_animation&quot;:&quot;fadeInUp&quot;}\" data-widget_type=\"heading.default\">\n\t\t\t\t<div class=\"elementor-widget-container\">\n\t\t\t\t\t<h2 class=\"elementor-heading-title elementor-size-default\">Print<\/h2>\t\t\t\t<\/div>\n\t\t\t\t<\/div>\n\t\t\t\t<div class=\"elementor-element elementor-element-d2605c1 elementor-invisible elementor-widget elementor-widget-text-editor\" data-id=\"d2605c1\" data-element_type=\"widget\" data-e-type=\"widget\" data-settings=\"{&quot;_animation&quot;:&quot;fadeInUp&quot;,&quot;_animation_delay&quot;:100}\" data-widget_type=\"text-editor.default\">\n\t\t\t\t<div class=\"elementor-widget-container\">\n\t\t\t\t\t\t\t\t\t<p>\u2734\ufe0e Visual Identity<\/p><p>\u2734\ufe0e Brand Book<\/p><p>\u2734\ufe0e Books and Magazines<\/p><p>\u2734\ufe0e Anual Report<\/p><p>\u2734\ufe0e Catalogs<\/p><p>\u2734\ufe0e Posters and Folders<\/p><p>\u2734\ufe0e Signage<\/p><p>\u2734\ufe0e Packing<\/p><p>\u2734\ufe0e Promotional Items<\/p><p>\u2734\ufe0e PDV<\/p><p>\u2734\ufe0e Wall Design<\/p>\t\t\t\t\t\t\t\t<\/div>\n\t\t\t\t<\/div>\n\t\t\t\t<\/div>\n\t\t<div class=\"elementor-element elementor-element-20a2f02 e-con-full e-flex e-con e-child\" data-id=\"20a2f02\" data-element_type=\"container\" data-e-type=\"container\">\n\t\t\t\t<div class=\"elementor-element elementor-element-f9f4161 elementor-invisible elementor-widget elementor-widget-heading\" data-id=\"f9f4161\" data-element_type=\"widget\" data-e-type=\"widget\" data-settings=\"{&quot;_animation&quot;:&quot;fadeInUp&quot;}\" data-widget_type=\"heading.default\">\n\t\t\t\t<div class=\"elementor-widget-container\">\n\t\t\t\t\t<h2 class=\"elementor-heading-title elementor-size-default\">Digital<\/h2>\t\t\t\t<\/div>\n\t\t\t\t<\/div>\n\t\t\t\t<div class=\"elementor-element elementor-element-206ac88 elementor-invisible elementor-widget elementor-widget-text-editor\" data-id=\"206ac88\" data-element_type=\"widget\" data-e-type=\"widget\" data-settings=\"{&quot;_animation&quot;:&quot;fadeInUp&quot;}\" data-widget_type=\"text-editor.default\">\n\t\t\t\t<div class=\"elementor-widget-container\">\n\t\t\t\t\t\t\t\t\t<p>\u2734\ufe0e Website Design &amp; Development<\/p><p>\u2734\ufe0e Landing Page<\/p><p>\u2734\ufe0e E-commerce<\/p><p>\u2734\ufe0e Presentations<\/p><p>\u2734\ufe0e E-book<\/p><p>\u2734\ufe0e Illustrations<\/p><p>\u2734\ufe0e Custom Fonts<\/p><p>\u2734\ufe0e Infographics<\/p><p>\u2734\ufe0e Internal Communication<\/p>\t\t\t\t\t\t\t\t<\/div>\n\t\t\t\t<\/div>\n\t\t\t\t<\/div>\n\t\t<div class=\"elementor-element elementor-element-7ab3f76 e-flex e-con-boxed e-con e-child\" data-id=\"7ab3f76\" data-element_type=\"container\" data-e-type=\"container\">\n\t\t\t\t\t<div class=\"e-con-inner\">\n\t\t\t\t<div class=\"elementor-element elementor-element-f335c28 elementor-invisible elementor-widget elementor-widget-heading\" data-id=\"f335c28\" data-element_type=\"widget\" data-e-type=\"widget\" data-settings=\"{&quot;_animation&quot;:&quot;fadeInUp&quot;}\" data-widget_type=\"heading.default\">\n\t\t\t\t<div class=\"elementor-widget-container\">\n\t\t\t\t\t<h2 class=\"elementor-heading-title elementor-size-default\">Motion<\/h2>\t\t\t\t<\/div>\n\t\t\t\t<\/div>\n\t\t\t\t<div class=\"elementor-element elementor-element-2581748 elementor-invisible elementor-widget elementor-widget-text-editor\" data-id=\"2581748\" data-element_type=\"widget\" data-e-type=\"widget\" data-settings=\"{&quot;_animation&quot;:&quot;fadeInUp&quot;}\" data-widget_type=\"text-editor.default\">\n\t\t\t\t<div class=\"elementor-widget-container\">\n\t\t\t\t\t\t\t\t\t<p>\u2734\ufe0e Animations<\/p><p>\u2734\ufe0e Social Media<\/p><p>\u2734\ufe0e Banners and Ads<\/p>\t\t\t\t\t\t\t\t<\/div>\n\t\t\t\t<\/div>\n\t\t\t\t\t<\/div>\n\t\t\t\t<\/div>\n\t\t\t\t\t<\/div>\n\t\t\t\t<\/div>\n\t\t<div class=\"elementor-element elementor-element-1d8cec3 e-flex e-con-boxed e-con e-parent\" data-id=\"1d8cec3\" data-element_type=\"container\" data-e-type=\"container\" data-settings=\"{&quot;background_background&quot;:&quot;classic&quot;}\">\n\t\t\t\t\t<div class=\"e-con-inner\">\n\t\t\t\t<div class=\"elementor-element elementor-element-4241461 elementor-widget elementor-widget-heading\" data-id=\"4241461\" data-element_type=\"widget\" data-e-type=\"widget\" data-widget_type=\"heading.default\">\n\t\t\t\t<div class=\"elementor-widget-container\">\n\t\t\t\t\t<h2 class=\"elementor-heading-title elementor-size-default\">Shall we work together?<\/h2>\t\t\t\t<\/div>\n\t\t\t\t<\/div>\n\t\t\t\t<div class=\"elementor-element elementor-element-4506433 elementor-align-center elementor-mobile-align-left elementor-widget elementor-widget-button\" data-id=\"4506433\" data-element_type=\"widget\" data-e-type=\"widget\" data-widget_type=\"button.default\">\n\t\t\t\t<div class=\"elementor-widget-container\">\n\t\t\t\t\t\t\t\t\t<div class=\"elementor-button-wrapper\">\n\t\t\t\t\t<a class=\"elementor-button elementor-button-link elementor-size-sm\" href=\"https:\/\/www.studiobaleia.com\/en\/contato\/\">\n\t\t\t\t\t\t<span class=\"elementor-button-content-wrapper\">\n\t\t\t\t\t\t\t\t\t<span class=\"elementor-button-text\">GET IN TOUCH<\/span>\n\t\t\t\t\t<\/span>\n\t\t\t\t\t<\/a>\n\t\t\t\t<\/div>\n\t\t\t\t\t\t\t\t<\/div>\n\t\t\t\t<\/div>\n\t\t\t\t\t<\/div>\n\t\t\t\t<\/div>\n\t\t\t\t<\/div>","protected":false},"excerpt":{"rendered":"<p>\u27ba Criamos projetos de design com estrat\u00e9gia e colabora\u00e7\u00e3o VEJA NOSSOS TRABALHOS Desenvolvemos projetos visuais com foco em resultados duradouros. ENTRE EM CONTATO Trabalhos em destaque KOF STEPHAN DOITSCHINOFF\u00a0 CONFEITARIA DAMA SUVINIL FAZENDA MARGARIDA G\u00c1UDIO Veja mais trabalhos Servi\u00e7os Artes Gr\u00e1ficas \u2734\ufe0e Identidade Visual \u2734\ufe0e Manual da Marca \u2734\ufe0e Livros e Revistas \u2734\ufe0e Relat\u00f3rio Anual [&hellip;]<\/p>\n","protected":false},"author":1,"featured_media":4621,"parent":0,"menu_order":0,"comment_status":"closed","ping_status":"closed","template":"elementor_header_footer","meta":{"_seopress_robots_primary_cat":"","_seopress_titles_title":"Baleia","_seopress_titles_desc":"Design tailored to your needs. Explore our portfolio and request a quote to start a visual revolution for your company.","_seopress_robots_index":"","inline_featured_image":false,"footnotes":""},"class_list":["post-3927","page","type-page","status-publish","has-post-thumbnail","hentry"],"_links":{"self":[{"href":"https:\/\/www.studiobaleia.com\/en\/wp-json\/wp\/v2\/pages\/3927","targetHints":{"allow":["GET"]}}],"collection":[{"href":"https:\/\/www.studiobaleia.com\/en\/wp-json\/wp\/v2\/pages"}],"about":[{"href":"https:\/\/www.studiobaleia.com\/en\/wp-json\/wp\/v2\/types\/page"}],"author":[{"embeddable":true,"href":"https:\/\/www.studiobaleia.com\/en\/wp-json\/wp\/v2\/users\/1"}],"replies":[{"embeddable":true,"href":"https:\/\/www.studiobaleia.com\/en\/wp-json\/wp\/v2\/comments?post=3927"}],"version-history":[{"count":10,"href":"https:\/\/www.studiobaleia.com\/en\/wp-json\/wp\/v2\/pages\/3927\/revisions"}],"predecessor-version":[{"id":5255,"href":"https:\/\/www.studiobaleia.com\/en\/wp-json\/wp\/v2\/pages\/3927\/revisions\/5255"}],"wp:featuredmedia":[{"embeddable":true,"href":"https:\/\/www.studiobaleia.com\/en\/wp-json\/wp\/v2\/media\/4621"}],"wp:attachment":[{"href":"https:\/\/www.studiobaleia.com\/en\/wp-json\/wp\/v2\/media?parent=3927"}],"curies":[{"name":"wp","href":"https:\/\/api.w.org\/{rel}","templated":true}]}}